{"id":8990,"date":"2022-05-19T00:22:50","date_gmt":"2022-05-18T22:22:50","guid":{"rendered":"https:\/\/www.nauris.pl\/?post_type=product&#038;p=8990"},"modified":"2023-10-23T14:48:25","modified_gmt":"2023-10-23T12:48:25","slug":"plan-premium","status":"publish","type":"product","link":"https:\/\/www.nauris.pl\/en\/product\/plan-premium\/","title":{"rendered":"Plan Premium"},"content":{"rendered":"","protected":false},"excerpt":{"rendered":"<p>[icon color=\"Extra-Color-1\" size=\"tiny\" image=\"fa-check\"] Interaktywny Raport SEO<\/p>\n<p>[icon color=\"Extra-Color-1\" size=\"tiny\" image=\"fa-check\"] Content Ideas &#8211; s\u0142owa kluczowe i sugerowane tytu\u0142y<\/p>\n<p>[icon color=\"Extra-Color-1\" size=\"tiny\" image=\"fa-check\"] Audyt strony<\/p>\n<p>[icon color=\"Extra-Color-1\" size=\"tiny\" image=\"fa-check\"] Raport szybko\u015bci, meta tag\u00f3w, opis\u00f3w, tytu\u0142\u00f3w, indeksacji oraz schemy<\/p>\n<p>[icon color=\"Extra-Color-1\" size=\"tiny\" image=\"fa-check\"] Competition Analysis &#8211; por\u00f3wnanie z konkurencyjnymi stronami, wskazanie r\u00f3\u017cnicy w tekstach, s\u0142owach kluczowych oraz technologii na stronach<\/p>\n<p>[icon color=\"Extra-Color-1\" size=\"tiny\" image=\"fa-check\"] Dob\u00f3r domen do publikacji zewn\u0119trznych<\/p>\n<p>[icon color=\"Extra-Color-1\" size=\"tiny\" image=\"fa-check\"] <strong>2 teksty blogowe miesi\u0119cznie &#8211; przygotowanie temat\u00f3w, s\u0142\u00f3w kluczowych, pisanie tekst\u00f3w (conajmniej 5 000 znak\u00f3w ZZS), dodanie na stron\u0119, optymalizacja danego tekstu o rozszerzenia Rich Results.<\/strong><\/p>\n<p>&nbsp;<\/p>\n","protected":false},"featured_media":15001,"template":"","meta":{"content-type":""},"product_brand":[],"product_cat":[89],"product_tag":[],"class_list":{"0":"post-8990","1":"product","2":"type-product","3":"status-publish","4":"has-post-thumbnail","6":"product_cat-plany-miesieczne-seo","8":"first","9":"instock","10":"sale","11":"taxable","12":"shipping-taxable","13":"purchasable","14":"product-type-simple"},"yoast_head":"<!-- This site is optimized with the Yoast SEO plugin v27.4 - https:\/\/yoast.com\/product\/yoast-seo-wordpress\/ -->\n<title>Plan Premium - Nauris<\/title>\n<meta name=\"robots\" content=\"index, follow, max-snippet:-1, max-image-preview:large, max-video-preview:-1\" \/>\n<link rel=\"canonical\" href=\"https:\/\/www.nauris.pl\/en\/product\/plan-premium\/\" \/>\n<meta property=\"og:locale\" content=\"en_US\" \/>\n<meta property=\"og:type\" content=\"article\" \/>\n<meta property=\"og:title\" content=\"Plan Premium - Nauris\" \/>\n<meta property=\"og:description\" content=\"Interaktywny Raport SEO   Content Ideas - s\u0142owa kluczowe i sugerowane tytu\u0142y   Audyt strony   Raport szybko\u015bci, meta tag\u00f3w, opis\u00f3w, tytu\u0142\u00f3w, indeksacji oraz schemy   Competition Analysis - por\u00f3wnanie z konkurencyjnymi stronami, wskazanie r\u00f3\u017cnicy w tekstach, s\u0142owach kluczowych oraz technologii na stronach   Dob\u00f3r domen do publikacji zewn\u0119trznych   2 teksty blogowe miesi\u0119cznie - przygotowanie temat\u00f3w, s\u0142\u00f3w kluczowych, pisanie tekst\u00f3w (conajmniej 5 000 znak\u00f3w ZZS), dodanie na stron\u0119, optymalizacja danego tekstu o rozszerzenia Rich Results.  &nbsp;\" \/>\n<meta property=\"og:url\" content=\"https:\/\/www.nauris.pl\/en\/product\/plan-premium\/\" \/>\n<meta property=\"og:site_name\" content=\"Nauris\" \/>\n<meta property=\"article:publisher\" content=\"https:\/\/www.facebook.com\/Nauris-2317642335153027\" \/>\n<meta property=\"article:modified_time\" content=\"2023-10-23T12:48:25+00:00\" \/>\n<meta property=\"og:image\" content=\"https:\/\/www.nauris.pl\/wp-content\/uploads\/2022\/03\/Seo-pakiet-premium-L.png\" \/>\n\t<meta property=\"og:image:width\" content=\"1080\" \/>\n\t<meta property=\"og:image:height\" content=\"1080\" \/>\n\t<meta property=\"og:image:type\" content=\"image\/png\" \/>\n<meta name=\"twitter:card\" content=\"summary_large_image\" \/>\n<script type=\"application\/ld+json\" class=\"yoast-schema-graph\">{\"@context\":\"https:\\\/\\\/schema.org\",\"@graph\":[{\"@type\":\"WebPage\",\"@id\":\"https:\\\/\\\/www.nauris.pl\\\/produkt\\\/plan-premium\\\/\",\"url\":\"https:\\\/\\\/www.nauris.pl\\\/produkt\\\/plan-premium\\\/\",\"name\":\"Plan Premium - Nauris\",\"isPartOf\":{\"@id\":\"https:\\\/\\\/www.nauris.pl\\\/en\\\/#website\"},\"primaryImageOfPage\":{\"@id\":\"https:\\\/\\\/www.nauris.pl\\\/produkt\\\/plan-premium\\\/#primaryimage\"},\"image\":{\"@id\":\"https:\\\/\\\/www.nauris.pl\\\/produkt\\\/plan-premium\\\/#primaryimage\"},\"thumbnailUrl\":\"https:\\\/\\\/www.nauris.pl\\\/wp-content\\\/uploads\\\/2022\\\/03\\\/Seo-pakiet-premium-L.png\",\"datePublished\":\"2022-05-18T22:22:50+00:00\",\"dateModified\":\"2023-10-23T12:48:25+00:00\",\"breadcrumb\":{\"@id\":\"https:\\\/\\\/www.nauris.pl\\\/produkt\\\/plan-premium\\\/#breadcrumb\"},\"inLanguage\":\"en-US\",\"potentialAction\":[{\"@type\":\"ReadAction\",\"target\":[\"https:\\\/\\\/www.nauris.pl\\\/produkt\\\/plan-premium\\\/\"]}]},{\"@type\":\"ImageObject\",\"inLanguage\":\"en-US\",\"@id\":\"https:\\\/\\\/www.nauris.pl\\\/produkt\\\/plan-premium\\\/#primaryimage\",\"url\":\"https:\\\/\\\/www.nauris.pl\\\/wp-content\\\/uploads\\\/2022\\\/03\\\/Seo-pakiet-premium-L.png\",\"contentUrl\":\"https:\\\/\\\/www.nauris.pl\\\/wp-content\\\/uploads\\\/2022\\\/03\\\/Seo-pakiet-premium-L.png\",\"width\":1080,\"height\":1080,\"caption\":\"Pozycjonowanie Pakiet SEO du\u017cy\"},{\"@type\":\"BreadcrumbList\",\"@id\":\"https:\\\/\\\/www.nauris.pl\\\/produkt\\\/plan-premium\\\/#breadcrumb\",\"itemListElement\":[{\"@type\":\"ListItem\",\"position\":1,\"name\":\"Strona g\u0142\u00f3wna\",\"item\":\"https:\\\/\\\/www.nauris.pl\\\/\"},{\"@type\":\"ListItem\",\"position\":2,\"name\":\"Sklep\",\"item\":\"https:\\\/\\\/www.nauris.pl\\\/sklep\\\/\"},{\"@type\":\"ListItem\",\"position\":3,\"name\":\"Plan Premium\"}]},{\"@type\":\"WebSite\",\"@id\":\"https:\\\/\\\/www.nauris.pl\\\/en\\\/#website\",\"url\":\"https:\\\/\\\/www.nauris.pl\\\/en\\\/\",\"name\":\"Nauris\",\"description\":\"Business Solutions\",\"publisher\":{\"@id\":\"https:\\\/\\\/www.nauris.pl\\\/en\\\/#organization\"},\"potentialAction\":[{\"@type\":\"SearchAction\",\"target\":{\"@type\":\"EntryPoint\",\"urlTemplate\":\"https:\\\/\\\/www.nauris.pl\\\/en\\\/?s={search_term_string}\"},\"query-input\":{\"@type\":\"PropertyValueSpecification\",\"valueRequired\":true,\"valueName\":\"search_term_string\"}}],\"inLanguage\":\"en-US\"},{\"@type\":\"Organization\",\"@id\":\"https:\\\/\\\/www.nauris.pl\\\/en\\\/#organization\",\"name\":\"Nauris\",\"url\":\"https:\\\/\\\/www.nauris.pl\\\/en\\\/\",\"logo\":{\"@type\":\"ImageObject\",\"inLanguage\":\"en-US\",\"@id\":\"https:\\\/\\\/www.nauris.pl\\\/en\\\/#\\\/schema\\\/logo\\\/image\\\/\",\"url\":\"https:\\\/\\\/www.nauris.pl\\\/wp-content\\\/uploads\\\/2019\\\/07\\\/nauris_logotyp_rgb_black_1200dpi.png\",\"contentUrl\":\"https:\\\/\\\/www.nauris.pl\\\/wp-content\\\/uploads\\\/2019\\\/07\\\/nauris_logotyp_rgb_black_1200dpi.png\",\"width\":4724,\"height\":1441,\"caption\":\"Nauris\"},\"image\":{\"@id\":\"https:\\\/\\\/www.nauris.pl\\\/en\\\/#\\\/schema\\\/logo\\\/image\\\/\"},\"sameAs\":[\"https:\\\/\\\/www.facebook.com\\\/Nauris-2317642335153027\"]}]}<\/script>\n<!-- \/ Yoast SEO plugin. -->","yoast_head_json":{"title":"Plan Premium - Nauris","robots":{"index":"index","follow":"follow","max-snippet":"max-snippet:-1","max-image-preview":"max-image-preview:large","max-video-preview":"max-video-preview:-1"},"canonical":"https:\/\/www.nauris.pl\/en\/product\/plan-premium\/","og_locale":"en_US","og_type":"article","og_title":"Plan Premium - Nauris","og_description":"Interaktywny Raport SEO   Content Ideas - s\u0142owa kluczowe i sugerowane tytu\u0142y   Audyt strony   Raport szybko\u015bci, meta tag\u00f3w, opis\u00f3w, tytu\u0142\u00f3w, indeksacji oraz schemy   Competition Analysis - por\u00f3wnanie z konkurencyjnymi stronami, wskazanie r\u00f3\u017cnicy w tekstach, s\u0142owach kluczowych oraz technologii na stronach   Dob\u00f3r domen do publikacji zewn\u0119trznych   2 teksty blogowe miesi\u0119cznie - przygotowanie temat\u00f3w, s\u0142\u00f3w kluczowych, pisanie tekst\u00f3w (conajmniej 5 000 znak\u00f3w ZZS), dodanie na stron\u0119, optymalizacja danego tekstu o rozszerzenia Rich Results.  &nbsp;","og_url":"https:\/\/www.nauris.pl\/en\/product\/plan-premium\/","og_site_name":"Nauris","article_publisher":"https:\/\/www.facebook.com\/Nauris-2317642335153027","article_modified_time":"2023-10-23T12:48:25+00:00","og_image":[{"width":1080,"height":1080,"url":"https:\/\/www.nauris.pl\/wp-content\/uploads\/2022\/03\/Seo-pakiet-premium-L.png","type":"image\/png"}],"twitter_card":"summary_large_image","schema":{"@context":"https:\/\/schema.org","@graph":[{"@type":"WebPage","@id":"https:\/\/www.nauris.pl\/produkt\/plan-premium\/","url":"https:\/\/www.nauris.pl\/produkt\/plan-premium\/","name":"Plan Premium - Nauris","isPartOf":{"@id":"https:\/\/www.nauris.pl\/en\/#website"},"primaryImageOfPage":{"@id":"https:\/\/www.nauris.pl\/produkt\/plan-premium\/#primaryimage"},"image":{"@id":"https:\/\/www.nauris.pl\/produkt\/plan-premium\/#primaryimage"},"thumbnailUrl":"https:\/\/www.nauris.pl\/wp-content\/uploads\/2022\/03\/Seo-pakiet-premium-L.png","datePublished":"2022-05-18T22:22:50+00:00","dateModified":"2023-10-23T12:48:25+00:00","breadcrumb":{"@id":"https:\/\/www.nauris.pl\/produkt\/plan-premium\/#breadcrumb"},"inLanguage":"en-US","potentialAction":[{"@type":"ReadAction","target":["https:\/\/www.nauris.pl\/produkt\/plan-premium\/"]}]},{"@type":"ImageObject","inLanguage":"en-US","@id":"https:\/\/www.nauris.pl\/produkt\/plan-premium\/#primaryimage","url":"https:\/\/www.nauris.pl\/wp-content\/uploads\/2022\/03\/Seo-pakiet-premium-L.png","contentUrl":"https:\/\/www.nauris.pl\/wp-content\/uploads\/2022\/03\/Seo-pakiet-premium-L.png","width":1080,"height":1080,"caption":"Pozycjonowanie Pakiet SEO du\u017cy"},{"@type":"BreadcrumbList","@id":"https:\/\/www.nauris.pl\/produkt\/plan-premium\/#breadcrumb","itemListElement":[{"@type":"ListItem","position":1,"name":"Strona g\u0142\u00f3wna","item":"https:\/\/www.nauris.pl\/"},{"@type":"ListItem","position":2,"name":"Sklep","item":"https:\/\/www.nauris.pl\/sklep\/"},{"@type":"ListItem","position":3,"name":"Plan Premium"}]},{"@type":"WebSite","@id":"https:\/\/www.nauris.pl\/en\/#website","url":"https:\/\/www.nauris.pl\/en\/","name":"Nauris","description":"Business Solutions","publisher":{"@id":"https:\/\/www.nauris.pl\/en\/#organization"},"potentialAction":[{"@type":"SearchAction","target":{"@type":"EntryPoint","urlTemplate":"https:\/\/www.nauris.pl\/en\/?s={search_term_string}"},"query-input":{"@type":"PropertyValueSpecification","valueRequired":true,"valueName":"search_term_string"}}],"inLanguage":"en-US"},{"@type":"Organization","@id":"https:\/\/www.nauris.pl\/en\/#organization","name":"Nauris","url":"https:\/\/www.nauris.pl\/en\/","logo":{"@type":"ImageObject","inLanguage":"en-US","@id":"https:\/\/www.nauris.pl\/en\/#\/schema\/logo\/image\/","url":"https:\/\/www.nauris.pl\/wp-content\/uploads\/2019\/07\/nauris_logotyp_rgb_black_1200dpi.png","contentUrl":"https:\/\/www.nauris.pl\/wp-content\/uploads\/2019\/07\/nauris_logotyp_rgb_black_1200dpi.png","width":4724,"height":1441,"caption":"Nauris"},"image":{"@id":"https:\/\/www.nauris.pl\/en\/#\/schema\/logo\/image\/"},"sameAs":["https:\/\/www.facebook.com\/Nauris-2317642335153027"]}]}},"_links":{"self":[{"href":"https:\/\/www.nauris.pl\/en\/wp-json\/wp\/v2\/product\/8990","targetHints":{"allow":["GET"]}}],"collection":[{"href":"https:\/\/www.nauris.pl\/en\/wp-json\/wp\/v2\/product"}],"about":[{"href":"https:\/\/www.nauris.pl\/en\/wp-json\/wp\/v2\/types\/product"}],"wp:featuredmedia":[{"embeddable":true,"href":"https:\/\/www.nauris.pl\/en\/wp-json\/wp\/v2\/media\/15001"}],"wp:attachment":[{"href":"https:\/\/www.nauris.pl\/en\/wp-json\/wp\/v2\/media?parent=8990"}],"wp:term":[{"taxonomy":"product_brand","embeddable":true,"href":"https:\/\/www.nauris.pl\/en\/wp-json\/wp\/v2\/product_brand?post=8990"},{"taxonomy":"product_cat","embeddable":true,"href":"https:\/\/www.nauris.pl\/en\/wp-json\/wp\/v2\/product_cat?post=8990"},{"taxonomy":"product_tag","embeddable":true,"href":"https:\/\/www.nauris.pl\/en\/wp-json\/wp\/v2\/product_tag?post=8990"}],"curies":[{"name":"wp","href":"https:\/\/api.w.org\/{rel}","templated":true}]}}