{"id":6337,"date":"2022-04-13T23:33:54","date_gmt":"2022-04-13T21:33:54","guid":{"rendered":"https:\/\/www.nauris.pl\/?post_type=product&#038;p=6337"},"modified":"2023-10-23T14:48:07","modified_gmt":"2023-10-23T12:48:07","slug":"plan-plus","status":"publish","type":"product","link":"https:\/\/www.nauris.pl\/en\/product\/plan-plus\/","title":{"rendered":"Plan Plus"},"content":{"rendered":"<ul>\n<li>Analiza semantyczna<\/li>\n<li>Wskaz\u00f3wki linkowania wewn\u0119trznego<\/li>\n<li>Wskaz\u00f3wki meta opis\u00f3w i tag\u00f3w<\/li>\n<li>Audyt Ahrefs (do 30 stron) &#8211; szybko\u015bci strony, najwa\u017cniejszych b\u0142\u0119d\u00f3w, formatowania obraz\u00f3w, podstawowa analiza tytu\u0142\u00f3w i opis\u00f3w meta<\/li>\n<li>Interaktywny Raport SEO<\/li>\n<li><i class=\"icon-tiny fa fa-check extra-color-1\"><\/i>Content Ideas \u2013 s\u0142owa kluczowe i sugerowane tytu\u0142y<\/li>\n<li><i class=\"icon-tiny fa fa-check extra-color-1\"><\/i>Audyt strony<\/li>\n<li>Raport szybko\u015bci, meta tag\u00f3w, opis\u00f3w, tytu\u0142\u00f3w, indeksacji oraz schemy<\/li>\n<li><i class=\"icon-tiny fa fa-check extra-color-1\"><\/i> Competition Analysis \u2013 por\u00f3wnanie z konkurencyjnymi stronami, wskazanie r\u00f3\u017cnicy w tekstach, s\u0142owach kluczowych oraz technologii na stronach<\/li>\n<li><\/li>\n<\/ul>","protected":false},"excerpt":{"rendered":"<p>Analiza semantyczna Wskaz\u00f3wki linkowania wewn\u0119trznego Wskaz\u00f3wki meta opis\u00f3w i tag\u00f3w Audyt Ahrefs (do 30 stron) &#8211; szybko\u015bci strony, najwa\u017cniejszych b\u0142\u0119d\u00f3w, formatowania obraz\u00f3w, podstawowa analiza tytu\u0142\u00f3w i opis\u00f3w meta Interaktywny Raport&#8230;<\/p>","protected":false},"featured_media":15000,"template":"","meta":{"content-type":""},"product_brand":[],"product_cat":[89],"product_tag":[],"class_list":{"0":"post-6337","1":"product","2":"type-product","3":"status-publish","4":"has-post-thumbnail","6":"product_cat-plany-miesieczne-seo","8":"first","9":"instock","10":"sale","11":"taxable","12":"shipping-taxable","13":"purchasable","14":"product-type-simple"},"yoast_head":"<!-- This site is optimized with the Yoast SEO plugin v27.4 - https:\/\/yoast.com\/product\/yoast-seo-wordpress\/ -->\n<title>Plan Plus - Nauris<\/title>\n<meta name=\"robots\" content=\"index, follow, max-snippet:-1, max-image-preview:large, max-video-preview:-1\" \/>\n<link rel=\"canonical\" href=\"https:\/\/www.nauris.pl\/en\/product\/plan-plus\/\" \/>\n<meta property=\"og:locale\" content=\"en_US\" \/>\n<meta property=\"og:type\" content=\"article\" \/>\n<meta property=\"og:title\" content=\"Plan Plus - Nauris\" \/>\n<meta property=\"og:description\" content=\"Analiza semantyczna Wskaz\u00f3wki linkowania wewn\u0119trznego Wskaz\u00f3wki meta opis\u00f3w i tag\u00f3w Audyt Ahrefs (do 30 stron) &#8211; szybko\u015bci strony, najwa\u017cniejszych b\u0142\u0119d\u00f3w, formatowania obraz\u00f3w, podstawowa analiza tytu\u0142\u00f3w i opis\u00f3w meta Interaktywny Raport...\" \/>\n<meta property=\"og:url\" content=\"https:\/\/www.nauris.pl\/en\/product\/plan-plus\/\" \/>\n<meta property=\"og:site_name\" content=\"Nauris\" \/>\n<meta property=\"article:publisher\" content=\"https:\/\/www.facebook.com\/Nauris-2317642335153027\" \/>\n<meta property=\"article:modified_time\" content=\"2023-10-23T12:48:07+00:00\" \/>\n<meta property=\"og:image\" content=\"https:\/\/www.nauris.pl\/wp-content\/uploads\/2022\/03\/Seo-pakiet-plus-M.png\" \/>\n\t<meta property=\"og:image:width\" content=\"1080\" \/>\n\t<meta property=\"og:image:height\" content=\"1080\" \/>\n\t<meta property=\"og:image:type\" content=\"image\/png\" \/>\n<meta name=\"twitter:card\" content=\"summary_large_image\" \/>\n<meta name=\"twitter:label1\" content=\"Est. reading time\" \/>\n\t<meta name=\"twitter:data1\" content=\"1 minute\" \/>\n<script type=\"application\/ld+json\" class=\"yoast-schema-graph\">{\"@context\":\"https:\\\/\\\/schema.org\",\"@graph\":[{\"@type\":\"WebPage\",\"@id\":\"https:\\\/\\\/www.nauris.pl\\\/produkt\\\/plan-plus\\\/\",\"url\":\"https:\\\/\\\/www.nauris.pl\\\/produkt\\\/plan-plus\\\/\",\"name\":\"Plan Plus - Nauris\",\"isPartOf\":{\"@id\":\"https:\\\/\\\/www.nauris.pl\\\/en\\\/#website\"},\"primaryImageOfPage\":{\"@id\":\"https:\\\/\\\/www.nauris.pl\\\/produkt\\\/plan-plus\\\/#primaryimage\"},\"image\":{\"@id\":\"https:\\\/\\\/www.nauris.pl\\\/produkt\\\/plan-plus\\\/#primaryimage\"},\"thumbnailUrl\":\"https:\\\/\\\/www.nauris.pl\\\/wp-content\\\/uploads\\\/2022\\\/03\\\/Seo-pakiet-plus-M.png\",\"datePublished\":\"2022-04-13T21:33:54+00:00\",\"dateModified\":\"2023-10-23T12:48:07+00:00\",\"breadcrumb\":{\"@id\":\"https:\\\/\\\/www.nauris.pl\\\/produkt\\\/plan-plus\\\/#breadcrumb\"},\"inLanguage\":\"en-US\",\"potentialAction\":[{\"@type\":\"ReadAction\",\"target\":[\"https:\\\/\\\/www.nauris.pl\\\/produkt\\\/plan-plus\\\/\"]}]},{\"@type\":\"ImageObject\",\"inLanguage\":\"en-US\",\"@id\":\"https:\\\/\\\/www.nauris.pl\\\/produkt\\\/plan-plus\\\/#primaryimage\",\"url\":\"https:\\\/\\\/www.nauris.pl\\\/wp-content\\\/uploads\\\/2022\\\/03\\\/Seo-pakiet-plus-M.png\",\"contentUrl\":\"https:\\\/\\\/www.nauris.pl\\\/wp-content\\\/uploads\\\/2022\\\/03\\\/Seo-pakiet-plus-M.png\",\"width\":1080,\"height\":1080,\"caption\":\"Pozycjonowanie Pakiet SEO \u015bredni\"},{\"@type\":\"BreadcrumbList\",\"@id\":\"https:\\\/\\\/www.nauris.pl\\\/produkt\\\/plan-plus\\\/#breadcrumb\",\"itemListElement\":[{\"@type\":\"ListItem\",\"position\":1,\"name\":\"Strona g\u0142\u00f3wna\",\"item\":\"https:\\\/\\\/www.nauris.pl\\\/\"},{\"@type\":\"ListItem\",\"position\":2,\"name\":\"Sklep\",\"item\":\"https:\\\/\\\/www.nauris.pl\\\/sklep\\\/\"},{\"@type\":\"ListItem\",\"position\":3,\"name\":\"Plan Plus\"}]},{\"@type\":\"WebSite\",\"@id\":\"https:\\\/\\\/www.nauris.pl\\\/en\\\/#website\",\"url\":\"https:\\\/\\\/www.nauris.pl\\\/en\\\/\",\"name\":\"Nauris\",\"description\":\"Business Solutions\",\"publisher\":{\"@id\":\"https:\\\/\\\/www.nauris.pl\\\/en\\\/#organization\"},\"potentialAction\":[{\"@type\":\"SearchAction\",\"target\":{\"@type\":\"EntryPoint\",\"urlTemplate\":\"https:\\\/\\\/www.nauris.pl\\\/en\\\/?s={search_term_string}\"},\"query-input\":{\"@type\":\"PropertyValueSpecification\",\"valueRequired\":true,\"valueName\":\"search_term_string\"}}],\"inLanguage\":\"en-US\"},{\"@type\":\"Organization\",\"@id\":\"https:\\\/\\\/www.nauris.pl\\\/en\\\/#organization\",\"name\":\"Nauris\",\"url\":\"https:\\\/\\\/www.nauris.pl\\\/en\\\/\",\"logo\":{\"@type\":\"ImageObject\",\"inLanguage\":\"en-US\",\"@id\":\"https:\\\/\\\/www.nauris.pl\\\/en\\\/#\\\/schema\\\/logo\\\/image\\\/\",\"url\":\"https:\\\/\\\/www.nauris.pl\\\/wp-content\\\/uploads\\\/2019\\\/07\\\/nauris_logotyp_rgb_black_1200dpi.png\",\"contentUrl\":\"https:\\\/\\\/www.nauris.pl\\\/wp-content\\\/uploads\\\/2019\\\/07\\\/nauris_logotyp_rgb_black_1200dpi.png\",\"width\":4724,\"height\":1441,\"caption\":\"Nauris\"},\"image\":{\"@id\":\"https:\\\/\\\/www.nauris.pl\\\/en\\\/#\\\/schema\\\/logo\\\/image\\\/\"},\"sameAs\":[\"https:\\\/\\\/www.facebook.com\\\/Nauris-2317642335153027\"]}]}<\/script>\n<!-- \/ Yoast SEO plugin. -->","yoast_head_json":{"title":"Plan Plus - Nauris","robots":{"index":"index","follow":"follow","max-snippet":"max-snippet:-1","max-image-preview":"max-image-preview:large","max-video-preview":"max-video-preview:-1"},"canonical":"https:\/\/www.nauris.pl\/en\/product\/plan-plus\/","og_locale":"en_US","og_type":"article","og_title":"Plan Plus - Nauris","og_description":"Analiza semantyczna Wskaz\u00f3wki linkowania wewn\u0119trznego Wskaz\u00f3wki meta opis\u00f3w i tag\u00f3w Audyt Ahrefs (do 30 stron) &#8211; szybko\u015bci strony, najwa\u017cniejszych b\u0142\u0119d\u00f3w, formatowania obraz\u00f3w, podstawowa analiza tytu\u0142\u00f3w i opis\u00f3w meta Interaktywny Raport...","og_url":"https:\/\/www.nauris.pl\/en\/product\/plan-plus\/","og_site_name":"Nauris","article_publisher":"https:\/\/www.facebook.com\/Nauris-2317642335153027","article_modified_time":"2023-10-23T12:48:07+00:00","og_image":[{"width":1080,"height":1080,"url":"https:\/\/www.nauris.pl\/wp-content\/uploads\/2022\/03\/Seo-pakiet-plus-M.png","type":"image\/png"}],"twitter_card":"summary_large_image","twitter_misc":{"Est. reading time":"1 minute"},"schema":{"@context":"https:\/\/schema.org","@graph":[{"@type":"WebPage","@id":"https:\/\/www.nauris.pl\/produkt\/plan-plus\/","url":"https:\/\/www.nauris.pl\/produkt\/plan-plus\/","name":"Plan Plus - Nauris","isPartOf":{"@id":"https:\/\/www.nauris.pl\/en\/#website"},"primaryImageOfPage":{"@id":"https:\/\/www.nauris.pl\/produkt\/plan-plus\/#primaryimage"},"image":{"@id":"https:\/\/www.nauris.pl\/produkt\/plan-plus\/#primaryimage"},"thumbnailUrl":"https:\/\/www.nauris.pl\/wp-content\/uploads\/2022\/03\/Seo-pakiet-plus-M.png","datePublished":"2022-04-13T21:33:54+00:00","dateModified":"2023-10-23T12:48:07+00:00","breadcrumb":{"@id":"https:\/\/www.nauris.pl\/produkt\/plan-plus\/#breadcrumb"},"inLanguage":"en-US","potentialAction":[{"@type":"ReadAction","target":["https:\/\/www.nauris.pl\/produkt\/plan-plus\/"]}]},{"@type":"ImageObject","inLanguage":"en-US","@id":"https:\/\/www.nauris.pl\/produkt\/plan-plus\/#primaryimage","url":"https:\/\/www.nauris.pl\/wp-content\/uploads\/2022\/03\/Seo-pakiet-plus-M.png","contentUrl":"https:\/\/www.nauris.pl\/wp-content\/uploads\/2022\/03\/Seo-pakiet-plus-M.png","width":1080,"height":1080,"caption":"Pozycjonowanie Pakiet SEO \u015bredni"},{"@type":"BreadcrumbList","@id":"https:\/\/www.nauris.pl\/produkt\/plan-plus\/#breadcrumb","itemListElement":[{"@type":"ListItem","position":1,"name":"Strona g\u0142\u00f3wna","item":"https:\/\/www.nauris.pl\/"},{"@type":"ListItem","position":2,"name":"Sklep","item":"https:\/\/www.nauris.pl\/sklep\/"},{"@type":"ListItem","position":3,"name":"Plan Plus"}]},{"@type":"WebSite","@id":"https:\/\/www.nauris.pl\/en\/#website","url":"https:\/\/www.nauris.pl\/en\/","name":"Nauris","description":"Business Solutions","publisher":{"@id":"https:\/\/www.nauris.pl\/en\/#organization"},"potentialAction":[{"@type":"SearchAction","target":{"@type":"EntryPoint","urlTemplate":"https:\/\/www.nauris.pl\/en\/?s={search_term_string}"},"query-input":{"@type":"PropertyValueSpecification","valueRequired":true,"valueName":"search_term_string"}}],"inLanguage":"en-US"},{"@type":"Organization","@id":"https:\/\/www.nauris.pl\/en\/#organization","name":"Nauris","url":"https:\/\/www.nauris.pl\/en\/","logo":{"@type":"ImageObject","inLanguage":"en-US","@id":"https:\/\/www.nauris.pl\/en\/#\/schema\/logo\/image\/","url":"https:\/\/www.nauris.pl\/wp-content\/uploads\/2019\/07\/nauris_logotyp_rgb_black_1200dpi.png","contentUrl":"https:\/\/www.nauris.pl\/wp-content\/uploads\/2019\/07\/nauris_logotyp_rgb_black_1200dpi.png","width":4724,"height":1441,"caption":"Nauris"},"image":{"@id":"https:\/\/www.nauris.pl\/en\/#\/schema\/logo\/image\/"},"sameAs":["https:\/\/www.facebook.com\/Nauris-2317642335153027"]}]}},"_links":{"self":[{"href":"https:\/\/www.nauris.pl\/en\/wp-json\/wp\/v2\/product\/6337","targetHints":{"allow":["GET"]}}],"collection":[{"href":"https:\/\/www.nauris.pl\/en\/wp-json\/wp\/v2\/product"}],"about":[{"href":"https:\/\/www.nauris.pl\/en\/wp-json\/wp\/v2\/types\/product"}],"wp:featuredmedia":[{"embeddable":true,"href":"https:\/\/www.nauris.pl\/en\/wp-json\/wp\/v2\/media\/15000"}],"wp:attachment":[{"href":"https:\/\/www.nauris.pl\/en\/wp-json\/wp\/v2\/media?parent=6337"}],"wp:term":[{"taxonomy":"product_brand","embeddable":true,"href":"https:\/\/www.nauris.pl\/en\/wp-json\/wp\/v2\/product_brand?post=6337"},{"taxonomy":"product_cat","embeddable":true,"href":"https:\/\/www.nauris.pl\/en\/wp-json\/wp\/v2\/product_cat?post=6337"},{"taxonomy":"product_tag","embeddable":true,"href":"https:\/\/www.nauris.pl\/en\/wp-json\/wp\/v2\/product_tag?post=6337"}],"curies":[{"name":"wp","href":"https:\/\/api.w.org\/{rel}","templated":true}]}}