{"id":15147,"date":"2022-11-23T15:21:51","date_gmt":"2022-11-23T14:21:51","guid":{"rendered":"https:\/\/www.nauris.pl\/?post_type=product&#038;p=15147"},"modified":"2022-11-23T15:23:58","modified_gmt":"2022-11-23T14:23:58","slug":"pakiet-wizytowki-google-1-miesiac","status":"publish","type":"product","link":"https:\/\/www.nauris.pl\/en\/product\/pakiet-wizytowki-google-1-miesiac\/","title":{"rendered":"Pakiet Wizyt\u00f3wki Google 1 miesi\u0105c"},"content":{"rendered":"<p>Pakiet optymalizacyjny wizyt\u00f3wki Google. B\u0105d\u017a lepiej widoczny w lokalnych wynikach wyszukiwania.<\/p>\n<ul>\n<li>Analiza s\u0142\u00f3w kluczowych &#8211; long i short tail<\/li>\n<li>Edycja opisu wizyt\u00f3wki, us\u0142ug, produkt\u00f3w<\/li>\n<li>Edycja loga, zdj\u0119\u0107, uporz\u0105dkowanie danych wizyt\u00f3wki<\/li>\n<li>Tworzenie strategii pozyskiwania komentarzy pozytywnych<\/li>\n<li>Monitoring, raportowanie, utworzenie raportu w Google Data Studio<\/li>\n<\/ul>","protected":false},"excerpt":{"rendered":"<p>Pakiet optymalizacyjny wizyt\u00f3wki Google. B\u0105d\u017a lepiej widoczny w lokalnych wynikach wyszukiwania. Analiza s\u0142\u00f3w kluczowych &#8211; long i short tail Edycja opisu wizyt\u00f3wki, us\u0142ug, produkt\u00f3w Edycja loga, zdj\u0119\u0107, uporz\u0105dkowanie danych wizyt\u00f3wki&#8230;<\/p>","protected":false},"featured_media":0,"template":"","meta":{"content-type":""},"product_brand":[],"product_cat":[90],"product_tag":[],"class_list":{"0":"post-15147","1":"product","2":"type-product","3":"status-publish","5":"product_cat-pozycjonowanie-wizytowki","7":"first","8":"instock","9":"sale","10":"taxable","11":"shipping-taxable","12":"purchasable","13":"product-type-simple"},"yoast_head":"<!-- This site is optimized with the Yoast SEO plugin v27.5 - https:\/\/yoast.com\/product\/yoast-seo-wordpress\/ -->\n<title>Pakiet Wizyt\u00f3wki Google 1 miesi\u0105c - Nauris<\/title>\n<meta name=\"robots\" content=\"index, follow, max-snippet:-1, max-image-preview:large, max-video-preview:-1\" \/>\n<link rel=\"canonical\" href=\"https:\/\/www.nauris.pl\/en\/product\/pakiet-wizytowki-google-1-miesiac\/\" \/>\n<meta property=\"og:locale\" content=\"en_US\" \/>\n<meta property=\"og:type\" content=\"article\" \/>\n<meta property=\"og:title\" content=\"Pakiet Wizyt\u00f3wki Google 1 miesi\u0105c - Nauris\" \/>\n<meta property=\"og:description\" content=\"Pakiet optymalizacyjny wizyt\u00f3wki Google. B\u0105d\u017a lepiej widoczny w lokalnych wynikach wyszukiwania. Analiza s\u0142\u00f3w kluczowych &#8211; long i short tail Edycja opisu wizyt\u00f3wki, us\u0142ug, produkt\u00f3w Edycja loga, zdj\u0119\u0107, uporz\u0105dkowanie danych wizyt\u00f3wki...\" \/>\n<meta property=\"og:url\" content=\"https:\/\/www.nauris.pl\/en\/product\/pakiet-wizytowki-google-1-miesiac\/\" \/>\n<meta property=\"og:site_name\" content=\"Nauris\" \/>\n<meta property=\"article:publisher\" content=\"https:\/\/www.facebook.com\/Nauris-2317642335153027\" \/>\n<meta property=\"article:modified_time\" content=\"2022-11-23T14:23:58+00:00\" \/>\n<meta name=\"twitter:card\" content=\"summary_large_image\" \/>\n<meta name=\"twitter:label1\" content=\"Est. reading time\" \/>\n\t<meta name=\"twitter:data1\" content=\"1 minute\" \/>\n<script type=\"application\/ld+json\" class=\"yoast-schema-graph\">{\"@context\":\"https:\\\/\\\/schema.org\",\"@graph\":[{\"@type\":\"WebPage\",\"@id\":\"https:\\\/\\\/www.nauris.pl\\\/produkt\\\/pakiet-wizytowki-google-1-miesiac\\\/\",\"url\":\"https:\\\/\\\/www.nauris.pl\\\/produkt\\\/pakiet-wizytowki-google-1-miesiac\\\/\",\"name\":\"Pakiet Wizyt\u00f3wki Google 1 miesi\u0105c - Nauris\",\"isPartOf\":{\"@id\":\"https:\\\/\\\/www.nauris.pl\\\/en\\\/#website\"},\"datePublished\":\"2022-11-23T14:21:51+00:00\",\"dateModified\":\"2022-11-23T14:23:58+00:00\",\"breadcrumb\":{\"@id\":\"https:\\\/\\\/www.nauris.pl\\\/produkt\\\/pakiet-wizytowki-google-1-miesiac\\\/#breadcrumb\"},\"inLanguage\":\"en-US\",\"potentialAction\":[{\"@type\":\"ReadAction\",\"target\":[\"https:\\\/\\\/www.nauris.pl\\\/produkt\\\/pakiet-wizytowki-google-1-miesiac\\\/\"]}]},{\"@type\":\"BreadcrumbList\",\"@id\":\"https:\\\/\\\/www.nauris.pl\\\/produkt\\\/pakiet-wizytowki-google-1-miesiac\\\/#breadcrumb\",\"itemListElement\":[{\"@type\":\"ListItem\",\"position\":1,\"name\":\"Strona g\u0142\u00f3wna\",\"item\":\"https:\\\/\\\/www.nauris.pl\\\/\"},{\"@type\":\"ListItem\",\"position\":2,\"name\":\"Sklep\",\"item\":\"https:\\\/\\\/www.nauris.pl\\\/sklep\\\/\"},{\"@type\":\"ListItem\",\"position\":3,\"name\":\"Pakiet Wizyt\u00f3wki Google 1 miesi\u0105c\"}]},{\"@type\":\"WebSite\",\"@id\":\"https:\\\/\\\/www.nauris.pl\\\/en\\\/#website\",\"url\":\"https:\\\/\\\/www.nauris.pl\\\/en\\\/\",\"name\":\"Nauris\",\"description\":\"Business Solutions\",\"publisher\":{\"@id\":\"https:\\\/\\\/www.nauris.pl\\\/en\\\/#organization\"},\"potentialAction\":[{\"@type\":\"SearchAction\",\"target\":{\"@type\":\"EntryPoint\",\"urlTemplate\":\"https:\\\/\\\/www.nauris.pl\\\/en\\\/?s={search_term_string}\"},\"query-input\":{\"@type\":\"PropertyValueSpecification\",\"valueRequired\":true,\"valueName\":\"search_term_string\"}}],\"inLanguage\":\"en-US\"},{\"@type\":\"Organization\",\"@id\":\"https:\\\/\\\/www.nauris.pl\\\/en\\\/#organization\",\"name\":\"Nauris\",\"url\":\"https:\\\/\\\/www.nauris.pl\\\/en\\\/\",\"logo\":{\"@type\":\"ImageObject\",\"inLanguage\":\"en-US\",\"@id\":\"https:\\\/\\\/www.nauris.pl\\\/en\\\/#\\\/schema\\\/logo\\\/image\\\/\",\"url\":\"https:\\\/\\\/www.nauris.pl\\\/wp-content\\\/uploads\\\/2019\\\/07\\\/nauris_logotyp_rgb_black_1200dpi.png\",\"contentUrl\":\"https:\\\/\\\/www.nauris.pl\\\/wp-content\\\/uploads\\\/2019\\\/07\\\/nauris_logotyp_rgb_black_1200dpi.png\",\"width\":4724,\"height\":1441,\"caption\":\"Nauris\"},\"image\":{\"@id\":\"https:\\\/\\\/www.nauris.pl\\\/en\\\/#\\\/schema\\\/logo\\\/image\\\/\"},\"sameAs\":[\"https:\\\/\\\/www.facebook.com\\\/Nauris-2317642335153027\"]}]}<\/script>\n<!-- \/ Yoast SEO plugin. -->","yoast_head_json":{"title":"Pakiet Wizyt\u00f3wki Google 1 miesi\u0105c - Nauris","robots":{"index":"index","follow":"follow","max-snippet":"max-snippet:-1","max-image-preview":"max-image-preview:large","max-video-preview":"max-video-preview:-1"},"canonical":"https:\/\/www.nauris.pl\/en\/product\/pakiet-wizytowki-google-1-miesiac\/","og_locale":"en_US","og_type":"article","og_title":"Pakiet Wizyt\u00f3wki Google 1 miesi\u0105c - Nauris","og_description":"Pakiet optymalizacyjny wizyt\u00f3wki Google. B\u0105d\u017a lepiej widoczny w lokalnych wynikach wyszukiwania. Analiza s\u0142\u00f3w kluczowych &#8211; long i short tail Edycja opisu wizyt\u00f3wki, us\u0142ug, produkt\u00f3w Edycja loga, zdj\u0119\u0107, uporz\u0105dkowanie danych wizyt\u00f3wki...","og_url":"https:\/\/www.nauris.pl\/en\/product\/pakiet-wizytowki-google-1-miesiac\/","og_site_name":"Nauris","article_publisher":"https:\/\/www.facebook.com\/Nauris-2317642335153027","article_modified_time":"2022-11-23T14:23:58+00:00","twitter_card":"summary_large_image","twitter_misc":{"Est. reading time":"1 minute"},"schema":{"@context":"https:\/\/schema.org","@graph":[{"@type":"WebPage","@id":"https:\/\/www.nauris.pl\/produkt\/pakiet-wizytowki-google-1-miesiac\/","url":"https:\/\/www.nauris.pl\/produkt\/pakiet-wizytowki-google-1-miesiac\/","name":"Pakiet Wizyt\u00f3wki Google 1 miesi\u0105c - Nauris","isPartOf":{"@id":"https:\/\/www.nauris.pl\/en\/#website"},"datePublished":"2022-11-23T14:21:51+00:00","dateModified":"2022-11-23T14:23:58+00:00","breadcrumb":{"@id":"https:\/\/www.nauris.pl\/produkt\/pakiet-wizytowki-google-1-miesiac\/#breadcrumb"},"inLanguage":"en-US","potentialAction":[{"@type":"ReadAction","target":["https:\/\/www.nauris.pl\/produkt\/pakiet-wizytowki-google-1-miesiac\/"]}]},{"@type":"BreadcrumbList","@id":"https:\/\/www.nauris.pl\/produkt\/pakiet-wizytowki-google-1-miesiac\/#breadcrumb","itemListElement":[{"@type":"ListItem","position":1,"name":"Strona g\u0142\u00f3wna","item":"https:\/\/www.nauris.pl\/"},{"@type":"ListItem","position":2,"name":"Sklep","item":"https:\/\/www.nauris.pl\/sklep\/"},{"@type":"ListItem","position":3,"name":"Pakiet Wizyt\u00f3wki Google 1 miesi\u0105c"}]},{"@type":"WebSite","@id":"https:\/\/www.nauris.pl\/en\/#website","url":"https:\/\/www.nauris.pl\/en\/","name":"Nauris","description":"Business Solutions","publisher":{"@id":"https:\/\/www.nauris.pl\/en\/#organization"},"potentialAction":[{"@type":"SearchAction","target":{"@type":"EntryPoint","urlTemplate":"https:\/\/www.nauris.pl\/en\/?s={search_term_string}"},"query-input":{"@type":"PropertyValueSpecification","valueRequired":true,"valueName":"search_term_string"}}],"inLanguage":"en-US"},{"@type":"Organization","@id":"https:\/\/www.nauris.pl\/en\/#organization","name":"Nauris","url":"https:\/\/www.nauris.pl\/en\/","logo":{"@type":"ImageObject","inLanguage":"en-US","@id":"https:\/\/www.nauris.pl\/en\/#\/schema\/logo\/image\/","url":"https:\/\/www.nauris.pl\/wp-content\/uploads\/2019\/07\/nauris_logotyp_rgb_black_1200dpi.png","contentUrl":"https:\/\/www.nauris.pl\/wp-content\/uploads\/2019\/07\/nauris_logotyp_rgb_black_1200dpi.png","width":4724,"height":1441,"caption":"Nauris"},"image":{"@id":"https:\/\/www.nauris.pl\/en\/#\/schema\/logo\/image\/"},"sameAs":["https:\/\/www.facebook.com\/Nauris-2317642335153027"]}]}},"_links":{"self":[{"href":"https:\/\/www.nauris.pl\/en\/wp-json\/wp\/v2\/product\/15147","targetHints":{"allow":["GET"]}}],"collection":[{"href":"https:\/\/www.nauris.pl\/en\/wp-json\/wp\/v2\/product"}],"about":[{"href":"https:\/\/www.nauris.pl\/en\/wp-json\/wp\/v2\/types\/product"}],"wp:attachment":[{"href":"https:\/\/www.nauris.pl\/en\/wp-json\/wp\/v2\/media?parent=15147"}],"wp:term":[{"taxonomy":"product_brand","embeddable":true,"href":"https:\/\/www.nauris.pl\/en\/wp-json\/wp\/v2\/product_brand?post=15147"},{"taxonomy":"product_cat","embeddable":true,"href":"https:\/\/www.nauris.pl\/en\/wp-json\/wp\/v2\/product_cat?post=15147"},{"taxonomy":"product_tag","embeddable":true,"href":"https:\/\/www.nauris.pl\/en\/wp-json\/wp\/v2\/product_tag?post=15147"}],"curies":[{"name":"wp","href":"https:\/\/api.w.org\/{rel}","templated":true}]}}