{"id":5981,"date":"2019-05-10T13:14:49","date_gmt":"2019-05-10T11:14:49","guid":{"rendered":"http:\/\/www.nauris.pl\/?page_id=5981"},"modified":"2019-10-01T15:32:40","modified_gmt":"2019-10-01T13:32:40","slug":"sposob-dzialania","status":"publish","type":"page","link":"https:\/\/www.nauris.pl\/en\/sposob-dzialania\/","title":{"rendered":"Spos\u00f3b dzia\u0142ania"},"content":{"rendered":"<div id=\"fws_69fb400bd92a3\"  data-column-margin=\"default\" data-midnight=\"dark\"  class=\"wpb_row vc_row-fluid vc_row full-width-section\"  style=\"padding-top: 120px; padding-bottom: 80px; \"><div class=\"row-bg-wrap\" data-bg-animation=\"none\" data-bg-overlay=\"false\"><div class=\"inner-wrap\"><div class=\"row-bg viewport-desktop\"  style=\"\"><\/div><\/div><\/div><div class=\"row_col_wrap_12 col span_12 dark left\">\n\t<div style=\"\" class=\"vc_col-sm-6 wpb_column column_container vc_column_container col no-extra-padding\" data-using-bg=\"true\" data-padding-pos=\"all\" data-has-bg-color=\"true\" data-bg-color=\"#a65bf4\" data-bg-opacity=\"1\" data-animation=\"\" data-delay=\"0\" >\n\t\t<div class=\"vc_column-inner\" ><div class=\"column-bg-overlay-wrap column-bg-layer\" data-bg-animation=\"none\"><div class=\"column-bg-overlay\" style=\"opacity: 1; background-color: #a65bf4;\"><\/div><\/div>\n\t\t\t<div class=\"wpb_wrapper\">\n\t\t\t\t<div id=\"fws_69fb400bd9a8e\" data-midnight=\"\" data-column-margin=\"default\" class=\"wpb_row vc_row-fluid vc_row inner_row\"  style=\"\"><div class=\"row-bg-wrap\"> <div class=\"row-bg\" ><\/div> <\/div><div class=\"row_col_wrap_12_inner col span_12  left\">\n\t<div style=\"\" class=\"vc_col-sm-12 wpb_column column_container vc_column_container col child_column no-extra-padding\"  data-using-bg=\"true\" data-padding-pos=\"all\" data-has-bg-color=\"true\" data-bg-color=\"#a65bf4\" data-bg-opacity=\"1\" data-animation=\"\" data-delay=\"0\" >\n\t\t<div class=\"vc_column-inner\" ><div class=\"column-bg-overlay-wrap column-bg-layer\" data-bg-animation=\"none\"><div class=\"column-bg-overlay\" style=\"opacity: 1; background-color: #a65bf4;\"><\/div><\/div>\n\t\t<div class=\"wpb_wrapper\">\n\t\t\t<h3 style=\"font-size: 230px;text-align: center\" class=\"vc_custom_heading\" >1<\/h3>\n\t\t<\/div> \n\t<\/div>\n\t<\/div> \n<\/div><\/div>\n\t\t\t<\/div> \n\t\t<\/div>\n\t<\/div> \n\n\t<div  class=\"vc_col-sm-6 wpb_column column_container vc_column_container col no-extra-padding\"  data-padding-pos=\"all\" data-has-bg-color=\"false\" data-bg-color=\"\" data-bg-opacity=\"1\" data-animation=\"\" data-delay=\"0\" >\n\t\t<div class=\"vc_column-inner\" >\n\t\t\t<div class=\"wpb_wrapper\">\n\t\t\t\t\n<div class=\"wpb_text_column wpb_content_element  vc_custom_1557489655600\" style=\" max-width: 700px; display: inline-block;\">\n\t<div class=\"wpb_wrapper\">\n\t\t<h2>Analysis. Market and competition reports, buyer persona picture.<\/h2>\n\t<\/div>\n<\/div>\n\n\n\n<div class=\"nectar-cta\" data-color=\"\" data-using-bg=\"false\" data-style=\"see-through\" data-display=\"block\" data-alignment=\"left\" data-text-color=\"std\" ><h4> <span class=\"text\">Are you interested in free analysis of the market or competition? <\/span><span class=\"link_wrap\" ><a target=\"_blank\" class=\"link_text\" href=\"\/en\/kontakt-big\/\">Click here<span class=\"arrow\"><\/span><\/a><\/span><\/h4><\/div>\n\t\t\t<\/div> \n\t\t<\/div>\n\t<\/div> \n<\/div><\/div>\n\t\t<div id=\"fws_69fb400bdad6f\"  data-column-margin=\"default\" data-midnight=\"dark\"  class=\"wpb_row vc_row-fluid vc_row full-width-section\"  style=\"padding-top: 120px; padding-bottom: 80px; \"><div class=\"row-bg-wrap\" data-bg-animation=\"none\" data-bg-overlay=\"false\"><div class=\"inner-wrap\"><div class=\"row-bg viewport-desktop\"  style=\"\"><\/div><\/div><\/div><div class=\"row_col_wrap_12 col span_12 dark left\">\n\t<div  class=\"vc_col-sm-6 wpb_column column_container vc_column_container col no-extra-padding\"  data-padding-pos=\"all\" data-has-bg-color=\"false\" data-bg-color=\"\" data-bg-opacity=\"1\" data-animation=\"\" data-delay=\"0\" >\n\t\t<div class=\"vc_column-inner\" >\n\t\t\t<div class=\"wpb_wrapper\">\n\t\t\t\t<div id=\"fws_69fb400bdb098\" data-midnight=\"\" data-column-margin=\"default\" class=\"wpb_row vc_row-fluid vc_row inner_row\"  style=\"\"><div class=\"row-bg-wrap\"> <div class=\"row-bg\" ><\/div> <\/div><div class=\"row_col_wrap_12_inner col span_12  left\">\n\t<div  class=\"vc_col-sm-12 wpb_column column_container vc_column_container col child_column no-extra-padding\"   data-padding-pos=\"all\" data-has-bg-color=\"false\" data-bg-color=\"\" data-bg-opacity=\"1\" data-animation=\"\" data-delay=\"0\" >\n\t\t<div class=\"vc_column-inner\" >\n\t\t<div class=\"wpb_wrapper\">\n\t\t\t\n<div class=\"wpb_text_column wpb_content_element  vc_custom_1557489817840\" style=\" max-width: 700px; display: inline-block;\">\n\t<div class=\"wpb_wrapper\">\n\t\t<h2>Audit. We are evaluating current marketing activities, used channels, preparing SEO audit and Google and Facebook Ads campaigns.<\/h2>\n\t<\/div>\n<\/div>\n\n\n\n<div class=\"nectar-cta\" data-color=\"\" data-using-bg=\"false\" data-style=\"see-through\" data-display=\"block\" data-alignment=\"left\" data-text-color=\"std\" ><h4> <span class=\"text\">Are you interested in free audit? <\/span><span class=\"link_wrap\" ><a target=\"_blank\" class=\"link_text\" href=\"\/en\/kontakt-big\/\">Click here<span class=\"arrow\"><\/span><\/a><\/span><\/h4><\/div>\n\t\t<\/div> \n\t<\/div>\n\t<\/div> \n<\/div><\/div>\n\t\t\t<\/div> \n\t\t<\/div>\n\t<\/div> \n\n\t<div style=\"\" class=\"vc_col-sm-6 wpb_column column_container vc_column_container col no-extra-padding\" data-using-bg=\"true\" data-padding-pos=\"all\" data-has-bg-color=\"true\" data-bg-color=\"#a65bf4\" data-bg-opacity=\"1\" data-animation=\"\" data-delay=\"0\" >\n\t\t<div class=\"vc_column-inner\" ><div class=\"column-bg-overlay-wrap column-bg-layer\" data-bg-animation=\"none\"><div class=\"column-bg-overlay\" style=\"opacity: 1; background-color: #a65bf4;\"><\/div><\/div>\n\t\t\t<div class=\"wpb_wrapper\">\n\t\t\t\t<h3 style=\"font-size: 230px;text-align: center\" class=\"vc_custom_heading\" >2<\/h3>\n\t\t\t<\/div> \n\t\t<\/div>\n\t<\/div> \n<\/div><\/div>\n\t\t<div id=\"fws_69fb400bdb9c3\"  data-column-margin=\"default\" data-midnight=\"dark\"  class=\"wpb_row vc_row-fluid vc_row full-width-section\"  style=\"padding-top: 120px; padding-bottom: 80px; \"><div class=\"row-bg-wrap\" data-bg-animation=\"none\" data-bg-overlay=\"false\"><div class=\"inner-wrap\"><div class=\"row-bg viewport-desktop\"  style=\"\"><\/div><\/div><\/div><div class=\"row_col_wrap_12 col span_12 dark left\">\n\t<div style=\"\" class=\"vc_col-sm-6 wpb_column column_container vc_column_container col no-extra-padding\" data-using-bg=\"true\" data-padding-pos=\"all\" data-has-bg-color=\"true\" data-bg-color=\"#a65bf4\" data-bg-opacity=\"1\" data-animation=\"\" data-delay=\"0\" >\n\t\t<div class=\"vc_column-inner\" ><div class=\"column-bg-overlay-wrap column-bg-layer\" data-bg-animation=\"none\"><div class=\"column-bg-overlay\" style=\"opacity: 1; background-color: #a65bf4;\"><\/div><\/div>\n\t\t\t<div class=\"wpb_wrapper\">\n\t\t\t\t<div id=\"fws_69fb400bdbcc0\" data-midnight=\"\" data-column-margin=\"default\" class=\"wpb_row vc_row-fluid vc_row inner_row\"  style=\"\"><div class=\"row-bg-wrap\"> <div class=\"row-bg\" ><\/div> <\/div><div class=\"row_col_wrap_12_inner col span_12  left\">\n\t<div style=\"\" class=\"vc_col-sm-12 wpb_column column_container vc_column_container col child_column no-extra-padding\"  data-using-bg=\"true\" data-padding-pos=\"all\" data-has-bg-color=\"true\" data-bg-color=\"#a65bf4\" data-bg-opacity=\"1\" data-animation=\"\" data-delay=\"0\" >\n\t\t<div class=\"vc_column-inner\" ><div class=\"column-bg-overlay-wrap column-bg-layer\" data-bg-animation=\"none\"><div class=\"column-bg-overlay\" style=\"opacity: 1; background-color: #a65bf4;\"><\/div><\/div>\n\t\t<div class=\"wpb_wrapper\">\n\t\t\t<h3 style=\"font-size: 230px;text-align: center\" class=\"vc_custom_heading\" >3<\/h3>\n\t\t<\/div> \n\t<\/div>\n\t<\/div> \n<\/div><\/div>\n\t\t\t<\/div> \n\t\t<\/div>\n\t<\/div> \n\n\t<div  class=\"vc_col-sm-6 wpb_column column_container vc_column_container col no-extra-padding\"  data-padding-pos=\"all\" data-has-bg-color=\"false\" data-bg-color=\"\" data-bg-opacity=\"1\" data-animation=\"\" data-delay=\"0\" >\n\t\t<div class=\"vc_column-inner\" >\n\t\t\t<div class=\"wpb_wrapper\">\n\t\t\t\t\n<div class=\"wpb_text_column wpb_content_element  vc_custom_1557489998961\" style=\" max-width: 700px; display: inline-block;\">\n\t<div class=\"wpb_wrapper\">\n\t\t<h2>Planning. Proposal of specific activities and timetable of implementation. Recommending KPIs for effects verification.<\/h2>\n\t<\/div>\n<\/div>\n\n\n\n<div class=\"nectar-cta\" data-color=\"\" data-using-bg=\"false\" data-style=\"see-through\" data-display=\"block\" data-alignment=\"left\" data-text-color=\"std\" ><h4> <span class=\"text\">Are you interested? <\/span><span class=\"link_wrap\" ><a target=\"_blank\" class=\"link_text\" href=\"\/en\/kontakt-big\/\">Click here<span class=\"arrow\"><\/span><\/a><\/span><\/h4><\/div>\n\t\t\t<\/div> \n\t\t<\/div>\n\t<\/div> \n<\/div><\/div>\n\t\t<div id=\"fws_69fb400bdc515\"  data-column-margin=\"default\" data-midnight=\"dark\"  class=\"wpb_row vc_row-fluid vc_row full-width-section\"  style=\"padding-top: 120px; padding-bottom: 80px; \"><div class=\"row-bg-wrap\" data-bg-animation=\"none\" data-bg-overlay=\"false\"><div class=\"inner-wrap\"><div class=\"row-bg viewport-desktop\"  style=\"\"><\/div><\/div><\/div><div class=\"row_col_wrap_12 col span_12 dark left\">\n\t<div  class=\"vc_col-sm-6 wpb_column column_container vc_column_container col no-extra-padding\"  data-padding-pos=\"all\" data-has-bg-color=\"false\" data-bg-color=\"\" data-bg-opacity=\"1\" data-animation=\"\" data-delay=\"0\" >\n\t\t<div class=\"vc_column-inner\" >\n\t\t\t<div class=\"wpb_wrapper\">\n\t\t\t\t<div id=\"fws_69fb400bdc888\" data-midnight=\"\" data-column-margin=\"default\" class=\"wpb_row vc_row-fluid vc_row inner_row\"  style=\"\"><div class=\"row-bg-wrap\"> <div class=\"row-bg\" ><\/div> <\/div><div class=\"row_col_wrap_12_inner col span_12  left\">\n\t<div  class=\"vc_col-sm-12 wpb_column column_container vc_column_container col child_column no-extra-padding\"   data-padding-pos=\"all\" data-has-bg-color=\"false\" data-bg-color=\"\" data-bg-opacity=\"1\" data-animation=\"\" data-delay=\"0\" >\n\t\t<div class=\"vc_column-inner\" >\n\t\t<div class=\"wpb_wrapper\">\n\t\t\t\n<div class=\"wpb_text_column wpb_content_element  vc_custom_1557490049942\" style=\" max-width: 700px; display: inline-block;\">\n\t<div class=\"wpb_wrapper\">\n\t\t<h2>Implementation.<\/h2>\n\t<\/div>\n<\/div>\n\n\n\n<div class=\"nectar-cta\" data-color=\"\" data-using-bg=\"false\" data-style=\"see-through\" data-display=\"block\" data-alignment=\"left\" data-text-color=\"std\" ><h4> <span class=\"text\">Are you interested in free audit? <\/span><span class=\"link_wrap\" ><a target=\"_blank\" class=\"link_text\" href=\"\/en\/kontakt-big\/\">Click here<span class=\"arrow\"><\/span><\/a><\/span><\/h4><\/div>\n\t\t<\/div> \n\t<\/div>\n\t<\/div> \n<\/div><\/div>\n\t\t\t<\/div> \n\t\t<\/div>\n\t<\/div> \n\n\t<div style=\"\" class=\"vc_col-sm-6 wpb_column column_container vc_column_container col no-extra-padding\" data-using-bg=\"true\" data-padding-pos=\"all\" data-has-bg-color=\"true\" data-bg-color=\"#a65bf4\" data-bg-opacity=\"1\" data-animation=\"\" data-delay=\"0\" >\n\t\t<div class=\"vc_column-inner\" ><div class=\"column-bg-overlay-wrap column-bg-layer\" data-bg-animation=\"none\"><div class=\"column-bg-overlay\" style=\"opacity: 1; background-color: #a65bf4;\"><\/div><\/div>\n\t\t\t<div class=\"wpb_wrapper\">\n\t\t\t\t<h3 style=\"font-size: 230px;text-align: center\" class=\"vc_custom_heading\" >4<\/h3>\n\t\t\t<\/div> \n\t\t<\/div>\n\t<\/div> \n<\/div><\/div>\n\t\t<div id=\"fws_69fb400bdd10a\"  data-column-margin=\"default\" data-midnight=\"dark\"  class=\"wpb_row vc_row-fluid vc_row full-width-section\"  style=\"padding-top: 120px; padding-bottom: 80px; \"><div class=\"row-bg-wrap\" data-bg-animation=\"none\" data-bg-overlay=\"false\"><div class=\"inner-wrap\"><div class=\"row-bg viewport-desktop\"  style=\"\"><\/div><\/div><\/div><div class=\"row_col_wrap_12 col span_12 dark left\">\n\t<div style=\"\" class=\"vc_col-sm-6 wpb_column column_container vc_column_container col no-extra-padding\" data-using-bg=\"true\" data-padding-pos=\"all\" data-has-bg-color=\"true\" data-bg-color=\"#a65bf4\" data-bg-opacity=\"1\" data-animation=\"\" data-delay=\"0\" >\n\t\t<div class=\"vc_column-inner\" ><div class=\"column-bg-overlay-wrap column-bg-layer\" data-bg-animation=\"none\"><div class=\"column-bg-overlay\" style=\"opacity: 1; background-color: #a65bf4;\"><\/div><\/div>\n\t\t\t<div class=\"wpb_wrapper\">\n\t\t\t\t<div id=\"fws_69fb400bdd400\" data-midnight=\"\" data-column-margin=\"default\" class=\"wpb_row vc_row-fluid vc_row inner_row\"  style=\"\"><div class=\"row-bg-wrap\"> <div class=\"row-bg\" ><\/div> <\/div><div class=\"row_col_wrap_12_inner col span_12  left\">\n\t<div style=\"\" class=\"vc_col-sm-12 wpb_column column_container vc_column_container col child_column no-extra-padding\"  data-using-bg=\"true\" data-padding-pos=\"all\" data-has-bg-color=\"true\" data-bg-color=\"#a65bf4\" data-bg-opacity=\"1\" data-animation=\"\" data-delay=\"0\" >\n\t\t<div class=\"vc_column-inner\" ><div class=\"column-bg-overlay-wrap column-bg-layer\" data-bg-animation=\"none\"><div class=\"column-bg-overlay\" style=\"opacity: 1; background-color: #a65bf4;\"><\/div><\/div>\n\t\t<div class=\"wpb_wrapper\">\n\t\t\t<h3 style=\"font-size: 230px;text-align: center\" class=\"vc_custom_heading\" >5<\/h3>\n\t\t<\/div> \n\t<\/div>\n\t<\/div> \n<\/div><\/div>\n\t\t\t<\/div> \n\t\t<\/div>\n\t<\/div> \n\n\t<div  class=\"vc_col-sm-6 wpb_column column_container vc_column_container col no-extra-padding\"  data-padding-pos=\"all\" data-has-bg-color=\"false\" data-bg-color=\"\" data-bg-opacity=\"1\" data-animation=\"\" data-delay=\"0\" >\n\t\t<div class=\"vc_column-inner\" >\n\t\t\t<div class=\"wpb_wrapper\">\n\t\t\t\t\n<div class=\"wpb_text_column wpb_content_element  vc_custom_1557490069158\" style=\" max-width: 700px; display: inline-block;\">\n\t<div class=\"wpb_wrapper\">\n\t\t<h2>Reporting.<\/h2>\n\t<\/div>\n<\/div>\n\n\n\n<div class=\"nectar-cta\" data-color=\"\" data-using-bg=\"false\" data-style=\"see-through\" data-display=\"block\" data-alignment=\"left\" data-text-color=\"std\" ><h4> <span class=\"text\">Are you interested? <\/span><span class=\"link_wrap\" ><a target=\"_blank\" class=\"link_text\" href=\"\/en\/kontakt-big\/\">Click here<span class=\"arrow\"><\/span><\/a><\/span><\/h4><\/div>\n\t\t\t<\/div> \n\t\t<\/div>\n\t<\/div> \n<\/div><\/div>","protected":false},"excerpt":{"rendered":"1 Analiza. Nale\u017cy pozna\u0107 rynek, konkurencj\u0119. Zobrazowa\u0107 person\u0119 kupuj\u0105cego. Jeste\u015b zainteresowany darmow\u0105 analiz\u0105? Kliknij tutaj Audyt. Sprawdzenie prowadzonych dzia\u0142a\u0144, wykorzystywanych kana\u0142\u00f3w, audyt SEO i prowadzonych kampanii Google Ads. Jeste\u015b zainteresowany...","protected":false},"author":2,"featured_media":0,"parent":0,"menu_order":0,"comment_status":"closed","ping_status":"closed","template":"","meta":{"content-type":"","footnotes":""},"class_list":["post-5981","page","type-page","status-publish"],"yoast_head":"<!-- This site is optimized with the Yoast SEO plugin v27.5 - https:\/\/yoast.com\/product\/yoast-seo-wordpress\/ -->\n<title>Spos\u00f3b dzia\u0142ania - Nauris<\/title>\n<meta name=\"robots\" content=\"index, follow, max-snippet:-1, max-image-preview:large, max-video-preview:-1\" \/>\n<link rel=\"canonical\" href=\"https:\/\/www.nauris.pl\/en\/sposob-dzialania\/\" \/>\n<meta property=\"og:locale\" content=\"en_US\" \/>\n<meta property=\"og:type\" content=\"article\" \/>\n<meta property=\"og:title\" content=\"Spos\u00f3b dzia\u0142ania - Nauris\" \/>\n<meta property=\"og:url\" content=\"https:\/\/www.nauris.pl\/en\/sposob-dzialania\/\" \/>\n<meta property=\"og:site_name\" content=\"Nauris\" \/>\n<meta property=\"article:publisher\" content=\"https:\/\/www.facebook.com\/Nauris-2317642335153027\" \/>\n<meta property=\"article:modified_time\" content=\"2019-10-01T13:32:40+00:00\" \/>\n<meta name=\"twitter:card\" content=\"summary_large_image\" \/>\n<meta name=\"twitter:label1\" content=\"Est. reading time\" \/>\n\t<meta name=\"twitter:data1\" content=\"7 minutes\" \/>\n<script type=\"application\/ld+json\" class=\"yoast-schema-graph\">{\"@context\":\"https:\\\/\\\/schema.org\",\"@graph\":[{\"@type\":\"WebPage\",\"@id\":\"https:\\\/\\\/www.nauris.pl\\\/sposob-dzialania\\\/\",\"url\":\"https:\\\/\\\/www.nauris.pl\\\/sposob-dzialania\\\/\",\"name\":\"Spos\u00f3b dzia\u0142ania - Nauris\",\"isPartOf\":{\"@id\":\"https:\\\/\\\/www.nauris.pl\\\/en\\\/#website\"},\"datePublished\":\"2019-05-10T11:14:49+00:00\",\"dateModified\":\"2019-10-01T13:32:40+00:00\",\"breadcrumb\":{\"@id\":\"https:\\\/\\\/www.nauris.pl\\\/sposob-dzialania\\\/#breadcrumb\"},\"inLanguage\":\"en-US\",\"potentialAction\":[{\"@type\":\"ReadAction\",\"target\":[\"https:\\\/\\\/www.nauris.pl\\\/sposob-dzialania\\\/\"]}]},{\"@type\":\"BreadcrumbList\",\"@id\":\"https:\\\/\\\/www.nauris.pl\\\/sposob-dzialania\\\/#breadcrumb\",\"itemListElement\":[{\"@type\":\"ListItem\",\"position\":1,\"name\":\"Strona g\u0142\u00f3wna\",\"item\":\"https:\\\/\\\/www.nauris.pl\\\/\"},{\"@type\":\"ListItem\",\"position\":2,\"name\":\"Spos\u00f3b dzia\u0142ania\"}]},{\"@type\":\"WebSite\",\"@id\":\"https:\\\/\\\/www.nauris.pl\\\/en\\\/#website\",\"url\":\"https:\\\/\\\/www.nauris.pl\\\/en\\\/\",\"name\":\"Nauris\",\"description\":\"Business Solutions\",\"publisher\":{\"@id\":\"https:\\\/\\\/www.nauris.pl\\\/en\\\/#organization\"},\"potentialAction\":[{\"@type\":\"SearchAction\",\"target\":{\"@type\":\"EntryPoint\",\"urlTemplate\":\"https:\\\/\\\/www.nauris.pl\\\/en\\\/?s={search_term_string}\"},\"query-input\":{\"@type\":\"PropertyValueSpecification\",\"valueRequired\":true,\"valueName\":\"search_term_string\"}}],\"inLanguage\":\"en-US\"},{\"@type\":\"Organization\",\"@id\":\"https:\\\/\\\/www.nauris.pl\\\/en\\\/#organization\",\"name\":\"Nauris\",\"url\":\"https:\\\/\\\/www.nauris.pl\\\/en\\\/\",\"logo\":{\"@type\":\"ImageObject\",\"inLanguage\":\"en-US\",\"@id\":\"https:\\\/\\\/www.nauris.pl\\\/en\\\/#\\\/schema\\\/logo\\\/image\\\/\",\"url\":\"https:\\\/\\\/www.nauris.pl\\\/wp-content\\\/uploads\\\/2019\\\/07\\\/nauris_logotyp_rgb_black_1200dpi.png\",\"contentUrl\":\"https:\\\/\\\/www.nauris.pl\\\/wp-content\\\/uploads\\\/2019\\\/07\\\/nauris_logotyp_rgb_black_1200dpi.png\",\"width\":4724,\"height\":1441,\"caption\":\"Nauris\"},\"image\":{\"@id\":\"https:\\\/\\\/www.nauris.pl\\\/en\\\/#\\\/schema\\\/logo\\\/image\\\/\"},\"sameAs\":[\"https:\\\/\\\/www.facebook.com\\\/Nauris-2317642335153027\"]}]}<\/script>\n<!-- \/ Yoast SEO plugin. -->","yoast_head_json":{"title":"Spos\u00f3b dzia\u0142ania - Nauris","robots":{"index":"index","follow":"follow","max-snippet":"max-snippet:-1","max-image-preview":"max-image-preview:large","max-video-preview":"max-video-preview:-1"},"canonical":"https:\/\/www.nauris.pl\/en\/sposob-dzialania\/","og_locale":"en_US","og_type":"article","og_title":"Spos\u00f3b dzia\u0142ania - Nauris","og_url":"https:\/\/www.nauris.pl\/en\/sposob-dzialania\/","og_site_name":"Nauris","article_publisher":"https:\/\/www.facebook.com\/Nauris-2317642335153027","article_modified_time":"2019-10-01T13:32:40+00:00","twitter_card":"summary_large_image","twitter_misc":{"Est. reading time":"7 minutes"},"schema":{"@context":"https:\/\/schema.org","@graph":[{"@type":"WebPage","@id":"https:\/\/www.nauris.pl\/sposob-dzialania\/","url":"https:\/\/www.nauris.pl\/sposob-dzialania\/","name":"Spos\u00f3b dzia\u0142ania - Nauris","isPartOf":{"@id":"https:\/\/www.nauris.pl\/en\/#website"},"datePublished":"2019-05-10T11:14:49+00:00","dateModified":"2019-10-01T13:32:40+00:00","breadcrumb":{"@id":"https:\/\/www.nauris.pl\/sposob-dzialania\/#breadcrumb"},"inLanguage":"en-US","potentialAction":[{"@type":"ReadAction","target":["https:\/\/www.nauris.pl\/sposob-dzialania\/"]}]},{"@type":"BreadcrumbList","@id":"https:\/\/www.nauris.pl\/sposob-dzialania\/#breadcrumb","itemListElement":[{"@type":"ListItem","position":1,"name":"Strona g\u0142\u00f3wna","item":"https:\/\/www.nauris.pl\/"},{"@type":"ListItem","position":2,"name":"Spos\u00f3b dzia\u0142ania"}]},{"@type":"WebSite","@id":"https:\/\/www.nauris.pl\/en\/#website","url":"https:\/\/www.nauris.pl\/en\/","name":"Nauris","description":"Business Solutions","publisher":{"@id":"https:\/\/www.nauris.pl\/en\/#organization"},"potentialAction":[{"@type":"SearchAction","target":{"@type":"EntryPoint","urlTemplate":"https:\/\/www.nauris.pl\/en\/?s={search_term_string}"},"query-input":{"@type":"PropertyValueSpecification","valueRequired":true,"valueName":"search_term_string"}}],"inLanguage":"en-US"},{"@type":"Organization","@id":"https:\/\/www.nauris.pl\/en\/#organization","name":"Nauris","url":"https:\/\/www.nauris.pl\/en\/","logo":{"@type":"ImageObject","inLanguage":"en-US","@id":"https:\/\/www.nauris.pl\/en\/#\/schema\/logo\/image\/","url":"https:\/\/www.nauris.pl\/wp-content\/uploads\/2019\/07\/nauris_logotyp_rgb_black_1200dpi.png","contentUrl":"https:\/\/www.nauris.pl\/wp-content\/uploads\/2019\/07\/nauris_logotyp_rgb_black_1200dpi.png","width":4724,"height":1441,"caption":"Nauris"},"image":{"@id":"https:\/\/www.nauris.pl\/en\/#\/schema\/logo\/image\/"},"sameAs":["https:\/\/www.facebook.com\/Nauris-2317642335153027"]}]}},"_links":{"self":[{"href":"https:\/\/www.nauris.pl\/en\/wp-json\/wp\/v2\/pages\/5981","targetHints":{"allow":["GET"]}}],"collection":[{"href":"https:\/\/www.nauris.pl\/en\/wp-json\/wp\/v2\/pages"}],"about":[{"href":"https:\/\/www.nauris.pl\/en\/wp-json\/wp\/v2\/types\/page"}],"author":[{"embeddable":true,"href":"https:\/\/www.nauris.pl\/en\/wp-json\/wp\/v2\/users\/2"}],"replies":[{"embeddable":true,"href":"https:\/\/www.nauris.pl\/en\/wp-json\/wp\/v2\/comments?post=5981"}],"version-history":[{"count":15,"href":"https:\/\/www.nauris.pl\/en\/wp-json\/wp\/v2\/pages\/5981\/revisions"}],"predecessor-version":[{"id":6051,"href":"https:\/\/www.nauris.pl\/en\/wp-json\/wp\/v2\/pages\/5981\/revisions\/6051"}],"wp:attachment":[{"href":"https:\/\/www.nauris.pl\/en\/wp-json\/wp\/v2\/media?parent=5981"}],"curies":[{"name":"wp","href":"https:\/\/api.w.org\/{rel}","templated":true}]}}