{"id":5927,"date":"2019-04-23T16:52:09","date_gmt":"2019-04-23T14:52:09","guid":{"rendered":"http:\/\/www.nauris.pl\/?page_id=5927"},"modified":"2019-04-23T17:01:48","modified_gmt":"2019-04-23T15:01:48","slug":"qr","status":"publish","type":"page","link":"https:\/\/www.nauris.pl\/en\/qr\/","title":{"rendered":"Jeste\u015b ciekawski!"},"content":{"rendered":"<div id=\"fws_69f3f0902319d\"  data-column-margin=\"default\" data-midnight=\"dark\"  class=\"wpb_row vc_row-fluid vc_row full-width-content vc_row-o-equal-height vc_row-flex vc_row-o-content-middle\"  style=\"padding-top: 0px; padding-bottom: 0px; \"><div class=\"row-bg-wrap\" data-bg-animation=\"none\" data-bg-overlay=\"false\"><div class=\"inner-wrap\"><div class=\"row-bg viewport-desktop using-bg-color\"  style=\"background-color: #f7f7f7; \"><\/div><\/div><\/div><div class=\"row_col_wrap_12 col span_12 dark left\">\n\t<div style=\" color: #ffffff;\" class=\"vc_col-sm-6 wpb_column column_container vc_column_container col padding-8-percent\" data-cfc=\"true\" data-using-bg=\"true\" data-padding-pos=\"all\" data-has-bg-color=\"true\" data-bg-color=\"#0a0a0a\" data-bg-opacity=\"0.8\" data-animation=\"\" data-delay=\"0\" >\n\t\t<div class=\"vc_column-inner\" ><div class=\"column-image-bg-wrap column-bg-layer viewport-desktop\" data-bg-pos=\"center center\" data-bg-animation=\"none\" data-bg-overlay=\"false\"><div class=\"inner-wrap\"><div class=\"column-image-bg\" style=\"background-image: url(https:\/\/source.unsplash.com\/featured\/1000x1000\/daily\/?epic); \"><\/div><\/div><\/div><div class=\"column-bg-overlay-wrap column-bg-layer\" data-bg-animation=\"none\"><div class=\"column-bg-overlay\" style=\"opacity: 0.8; background-color: #0a0a0a;\"><\/div><\/div>\n\t\t\t<div class=\"wpb_wrapper\">\n\t\t\t\t<h2 style=\"color: #ffffff;text-align: left\" class=\"vc_custom_heading\" >Jeste\u015b ciekawski!<br \/>\nPodoba nam si\u0119 to<\/h2>\n<div class=\"wpb_text_column wpb_content_element  vc_custom_1556031707247\" style=\" max-width: 475px; display: inline-block;\">\n\t<div class=\"wpb_wrapper\">\n\t\t<p>Nie pozw\u00f3l by ten potencja\u0142 pozosta\u0142 niewykorzystany. Do\u0142\u0105cz do nas!<\/p>\n\t<\/div>\n<\/div>\n\n\n\n<div class=\"nectar-cta\" data-color=\"\" data-using-bg=\"false\" data-style=\"see-through\" data-display=\"block\" data-alignment=\"left\" data-text-color=\"custom\" ><h5 style=\"color: #ffffff;\"> <span class=\"text\"> <\/span><span class=\"link_wrap\" ><a  class=\"link_text\" href=\"\/en\/\">Strona g\u0142\u00f3wna<span class=\"arrow\"><\/span><\/a><\/span><\/h5><\/div><div class=\"nectar-cta\" data-color=\"\" data-using-bg=\"false\" data-style=\"see-through\" data-display=\"block\" data-alignment=\"left\" data-text-color=\"custom\" ><h5 style=\"color: #ffffff;\"> <span class=\"text\"> <\/span><span class=\"link_wrap\" ><a  class=\"link_text\" href=\"\/en\/case-study\/\">Sprawd\u017a czym si\u0119 zajmujemy<span class=\"arrow\"><\/span><\/a><\/span><\/h5><\/div><div class=\"nectar-cta\" data-color=\"\" data-using-bg=\"false\" data-style=\"see-through\" data-display=\"block\" data-alignment=\"left\" data-text-color=\"custom\" ><h5 style=\"color: #ffffff;\"> <span class=\"text\"> <\/span><span class=\"link_wrap\" ><a  class=\"link_text\" href=\"#\">Skontaktuj sie z nami<span class=\"arrow\"><\/span><\/a><\/span><\/h5><\/div>\n\t\t\t<\/div> \n\t\t<\/div>\n\t<\/div> \n\n\t<div style=\"\" class=\"vc_col-sm-6 wpb_column column_container vc_column_container col padding-8-percent\" data-using-bg=\"true\" data-padding-pos=\"all\" data-has-bg-color=\"true\" data-bg-color=\"#b8ecce\" data-bg-opacity=\"1\" data-animation=\"\" data-delay=\"0\" >\n\t\t<div class=\"vc_column-inner\" ><div class=\"column-bg-overlay-wrap column-bg-layer\" data-bg-animation=\"none\"><div class=\"column-bg-overlay\" style=\"opacity: 1; background-color: #b8ecce;\"><\/div><\/div>\n\t\t\t<div class=\"wpb_wrapper\">\n\t\t\t\t\n<div class=\"wpb_text_column wpb_content_element\" >\n\t<div class=\"wpb_wrapper\">\n\t\t<h3>Dowiedz si\u0119 o nas wi\u0119cej<\/h3>\n\t<\/div>\n<\/div>\n\n\n\n<div class=\"toggles\" data-starting=\"default\" data-style=\"minimal_small\"><div class=\"toggle default\" data-inner-wrap=\"true\"><h3><a href=\"#\" class=\"toggle-heading\"><i class=\"fa fa-plus-circle\"><\/i>Czym r\u00f3\u017cnicie si\u0119 od pozosta\u0142ych agencji?<\/a><\/h3><div><div class=\"inner-toggle-wrap\">\n<div class=\"wpb_text_column wpb_content_element\" >\n\t<div class=\"wpb_wrapper\">\n\t\t<p>Mamy do\u015bwiadczenie zar\u00f3wno agencyjne, jak i od strony odbiorcy biznesowego. Wiemy, na jakie problemy najcz\u0119\u015bciej cierpi\u0105 projekty reklamowe. Przede wszystkim zrozumiemy Twoje cele, Twoich klient\u00f3w i b\u0119dziemy cz\u0119\u015bci\u0105 Twojego sukcesu.<\/p>\n\t<\/div>\n<\/div>\n\n\n\n<\/div><\/div><\/div><div class=\"toggle default\" data-inner-wrap=\"true\"><h3><a href=\"#\" class=\"toggle-heading\"><i class=\"fa fa-plus-circle\"><\/i>Czemu nie wybra\u0107 du\u017cego domu mediowego?<\/a><\/h3><div><div class=\"inner-toggle-wrap\">\n<div class=\"wpb_text_column wpb_content_element\" >\n\t<div class=\"wpb_wrapper\">\n\t\t<p>U nas ka\u017cdy klient ma zagwarantowane osobiste podej\u015bcie. Mo\u017cliwa jest opieka konta 24\/7, przez ca\u0142y dzie\u0144, ca\u0142y tydzie\u0144, ca\u0142y rok. Nie b\u0105d\u017a &#8222;jednym z wielu&#8221; &#8211; dla nas b\u0119dziesz oczkiem w g\u0142owie.<\/p>\n\t<\/div>\n<\/div>\n\n\n\n<\/div><\/div><\/div><div class=\"toggle default\" data-inner-wrap=\"true\"><h3><a href=\"#\" class=\"toggle-heading\"><i class=\"fa fa-plus-circle\"><\/i>Jak wygl\u0105da proces digitalizacji?<\/a><\/h3><div><div class=\"inner-toggle-wrap\">\n<div class=\"wpb_text_column wpb_content_element\" >\n\t<div class=\"wpb_wrapper\">\n\t\t<p>Zaczynamy od analizy. Klient\u00f3w, konkurencji, \u015bwiatowych trend\u00f3w i rozwi\u0105za\u0144. Dzi\u0119ki temu dobierzemy odpowiednie narz\u0119dzia, kana\u0142y i KPI kt\u00f3re b\u0119dziemy monitorowa\u0107 (i na podstawie kt\u00f3rych nas docenisz).<\/p>\n<p>Zbudujemy drog\u0119 do sukcesu, zaplanujemy ka\u017cdy etap rozwoju Twojej firmy w internecie, zachowuj\u0105c transparentno\u015b\u0107 przy nastawieniu na wysokie ROI.<\/p>\n\t<\/div>\n<\/div>\n\n\n\n<\/div><\/div><\/div><\/div>\n\n\n\n\n\n\n\n\n\n\n\n\n\n\n\n\n\n\n\n\n\t\t\t<\/div> \n\t\t<\/div>\n\t<\/div> \n<\/div><\/div>","protected":false},"excerpt":{"rendered":"Jeste\u015b ciekawski! Podoba nam si\u0119 to Nie pozw\u00f3l by ten potencja\u0142 pozosta\u0142 niewykorzystany. Do\u0142\u0105cz do nas! Strona g\u0142\u00f3wna Sprawd\u017a czym si\u0119 zajmujemy Skontaktuj sie z nami Dowiedz si\u0119 o nas...","protected":false},"author":2,"featured_media":0,"parent":0,"menu_order":0,"comment_status":"closed","ping_status":"closed","template":"","meta":{"content-type":"","footnotes":""},"class_list":["post-5927","page","type-page","status-publish"],"yoast_head":"<!-- This site is optimized with the Yoast SEO plugin v27.5 - https:\/\/yoast.com\/product\/yoast-seo-wordpress\/ -->\n<title>Jeste\u015b ciekawski! - Nauris<\/title>\n<meta name=\"robots\" content=\"index, follow, max-snippet:-1, max-image-preview:large, max-video-preview:-1\" \/>\n<link rel=\"canonical\" href=\"https:\/\/www.nauris.pl\/en\/qr\/\" \/>\n<meta property=\"og:locale\" content=\"en_US\" \/>\n<meta property=\"og:type\" content=\"article\" \/>\n<meta property=\"og:title\" content=\"Jeste\u015b ciekawski! - Nauris\" \/>\n<meta property=\"og:url\" content=\"https:\/\/www.nauris.pl\/en\/qr\/\" \/>\n<meta property=\"og:site_name\" content=\"Nauris\" \/>\n<meta property=\"article:publisher\" content=\"https:\/\/www.facebook.com\/Nauris-2317642335153027\" \/>\n<meta property=\"article:modified_time\" content=\"2019-04-23T15:01:48+00:00\" \/>\n<meta name=\"twitter:card\" content=\"summary_large_image\" \/>\n<meta name=\"twitter:label1\" content=\"Est. reading time\" \/>\n\t<meta name=\"twitter:data1\" content=\"3 minutes\" \/>\n<script type=\"application\/ld+json\" class=\"yoast-schema-graph\">{\"@context\":\"https:\\\/\\\/schema.org\",\"@graph\":[{\"@type\":\"WebPage\",\"@id\":\"https:\\\/\\\/www.nauris.pl\\\/qr\\\/\",\"url\":\"https:\\\/\\\/www.nauris.pl\\\/qr\\\/\",\"name\":\"Jeste\u015b ciekawski! - Nauris\",\"isPartOf\":{\"@id\":\"https:\\\/\\\/www.nauris.pl\\\/en\\\/#website\"},\"datePublished\":\"2019-04-23T14:52:09+00:00\",\"dateModified\":\"2019-04-23T15:01:48+00:00\",\"breadcrumb\":{\"@id\":\"https:\\\/\\\/www.nauris.pl\\\/qr\\\/#breadcrumb\"},\"inLanguage\":\"en-US\",\"potentialAction\":[{\"@type\":\"ReadAction\",\"target\":[\"https:\\\/\\\/www.nauris.pl\\\/qr\\\/\"]}]},{\"@type\":\"BreadcrumbList\",\"@id\":\"https:\\\/\\\/www.nauris.pl\\\/qr\\\/#breadcrumb\",\"itemListElement\":[{\"@type\":\"ListItem\",\"position\":1,\"name\":\"Strona g\u0142\u00f3wna\",\"item\":\"https:\\\/\\\/www.nauris.pl\\\/\"},{\"@type\":\"ListItem\",\"position\":2,\"name\":\"Jeste\u015b ciekawski!\"}]},{\"@type\":\"WebSite\",\"@id\":\"https:\\\/\\\/www.nauris.pl\\\/en\\\/#website\",\"url\":\"https:\\\/\\\/www.nauris.pl\\\/en\\\/\",\"name\":\"Nauris\",\"description\":\"Business Solutions\",\"publisher\":{\"@id\":\"https:\\\/\\\/www.nauris.pl\\\/en\\\/#organization\"},\"potentialAction\":[{\"@type\":\"SearchAction\",\"target\":{\"@type\":\"EntryPoint\",\"urlTemplate\":\"https:\\\/\\\/www.nauris.pl\\\/en\\\/?s={search_term_string}\"},\"query-input\":{\"@type\":\"PropertyValueSpecification\",\"valueRequired\":true,\"valueName\":\"search_term_string\"}}],\"inLanguage\":\"en-US\"},{\"@type\":\"Organization\",\"@id\":\"https:\\\/\\\/www.nauris.pl\\\/en\\\/#organization\",\"name\":\"Nauris\",\"url\":\"https:\\\/\\\/www.nauris.pl\\\/en\\\/\",\"logo\":{\"@type\":\"ImageObject\",\"inLanguage\":\"en-US\",\"@id\":\"https:\\\/\\\/www.nauris.pl\\\/en\\\/#\\\/schema\\\/logo\\\/image\\\/\",\"url\":\"https:\\\/\\\/www.nauris.pl\\\/wp-content\\\/uploads\\\/2019\\\/07\\\/nauris_logotyp_rgb_black_1200dpi.png\",\"contentUrl\":\"https:\\\/\\\/www.nauris.pl\\\/wp-content\\\/uploads\\\/2019\\\/07\\\/nauris_logotyp_rgb_black_1200dpi.png\",\"width\":4724,\"height\":1441,\"caption\":\"Nauris\"},\"image\":{\"@id\":\"https:\\\/\\\/www.nauris.pl\\\/en\\\/#\\\/schema\\\/logo\\\/image\\\/\"},\"sameAs\":[\"https:\\\/\\\/www.facebook.com\\\/Nauris-2317642335153027\"]}]}<\/script>\n<!-- \/ Yoast SEO plugin. -->","yoast_head_json":{"title":"Jeste\u015b ciekawski! - Nauris","robots":{"index":"index","follow":"follow","max-snippet":"max-snippet:-1","max-image-preview":"max-image-preview:large","max-video-preview":"max-video-preview:-1"},"canonical":"https:\/\/www.nauris.pl\/en\/qr\/","og_locale":"en_US","og_type":"article","og_title":"Jeste\u015b ciekawski! - Nauris","og_url":"https:\/\/www.nauris.pl\/en\/qr\/","og_site_name":"Nauris","article_publisher":"https:\/\/www.facebook.com\/Nauris-2317642335153027","article_modified_time":"2019-04-23T15:01:48+00:00","twitter_card":"summary_large_image","twitter_misc":{"Est. reading time":"3 minutes"},"schema":{"@context":"https:\/\/schema.org","@graph":[{"@type":"WebPage","@id":"https:\/\/www.nauris.pl\/qr\/","url":"https:\/\/www.nauris.pl\/qr\/","name":"Jeste\u015b ciekawski! - Nauris","isPartOf":{"@id":"https:\/\/www.nauris.pl\/en\/#website"},"datePublished":"2019-04-23T14:52:09+00:00","dateModified":"2019-04-23T15:01:48+00:00","breadcrumb":{"@id":"https:\/\/www.nauris.pl\/qr\/#breadcrumb"},"inLanguage":"en-US","potentialAction":[{"@type":"ReadAction","target":["https:\/\/www.nauris.pl\/qr\/"]}]},{"@type":"BreadcrumbList","@id":"https:\/\/www.nauris.pl\/qr\/#breadcrumb","itemListElement":[{"@type":"ListItem","position":1,"name":"Strona g\u0142\u00f3wna","item":"https:\/\/www.nauris.pl\/"},{"@type":"ListItem","position":2,"name":"Jeste\u015b ciekawski!"}]},{"@type":"WebSite","@id":"https:\/\/www.nauris.pl\/en\/#website","url":"https:\/\/www.nauris.pl\/en\/","name":"Nauris","description":"Business Solutions","publisher":{"@id":"https:\/\/www.nauris.pl\/en\/#organization"},"potentialAction":[{"@type":"SearchAction","target":{"@type":"EntryPoint","urlTemplate":"https:\/\/www.nauris.pl\/en\/?s={search_term_string}"},"query-input":{"@type":"PropertyValueSpecification","valueRequired":true,"valueName":"search_term_string"}}],"inLanguage":"en-US"},{"@type":"Organization","@id":"https:\/\/www.nauris.pl\/en\/#organization","name":"Nauris","url":"https:\/\/www.nauris.pl\/en\/","logo":{"@type":"ImageObject","inLanguage":"en-US","@id":"https:\/\/www.nauris.pl\/en\/#\/schema\/logo\/image\/","url":"https:\/\/www.nauris.pl\/wp-content\/uploads\/2019\/07\/nauris_logotyp_rgb_black_1200dpi.png","contentUrl":"https:\/\/www.nauris.pl\/wp-content\/uploads\/2019\/07\/nauris_logotyp_rgb_black_1200dpi.png","width":4724,"height":1441,"caption":"Nauris"},"image":{"@id":"https:\/\/www.nauris.pl\/en\/#\/schema\/logo\/image\/"},"sameAs":["https:\/\/www.facebook.com\/Nauris-2317642335153027"]}]}},"_links":{"self":[{"href":"https:\/\/www.nauris.pl\/en\/wp-json\/wp\/v2\/pages\/5927","targetHints":{"allow":["GET"]}}],"collection":[{"href":"https:\/\/www.nauris.pl\/en\/wp-json\/wp\/v2\/pages"}],"about":[{"href":"https:\/\/www.nauris.pl\/en\/wp-json\/wp\/v2\/types\/page"}],"author":[{"embeddable":true,"href":"https:\/\/www.nauris.pl\/en\/wp-json\/wp\/v2\/users\/2"}],"replies":[{"embeddable":true,"href":"https:\/\/www.nauris.pl\/en\/wp-json\/wp\/v2\/comments?post=5927"}],"version-history":[{"count":5,"href":"https:\/\/www.nauris.pl\/en\/wp-json\/wp\/v2\/pages\/5927\/revisions"}],"predecessor-version":[{"id":5932,"href":"https:\/\/www.nauris.pl\/en\/wp-json\/wp\/v2\/pages\/5927\/revisions\/5932"}],"wp:attachment":[{"href":"https:\/\/www.nauris.pl\/en\/wp-json\/wp\/v2\/media?parent=5927"}],"curies":[{"name":"wp","href":"https:\/\/api.w.org\/{rel}","templated":true}]}}